{"id":793,"date":"2017-09-24T19:48:52","date_gmt":"2017-09-24T19:48:52","guid":{"rendered":"https:\/\/remendel.ufpr.br\/?page_id=793"},"modified":"2019-10-14T13:35:20","modified_gmt":"2019-10-14T13:35:20","slug":"remendel-2018","status":"publish","type":"page","link":"https:\/\/remendel.ufpr.br\/?page_id=793","title":{"rendered":"REMendel 2017\/2"},"content":{"rendered":"<p><strong>Fundamenta\u00e7\u00e3o te\u00f3rica dos principais t\u00f3picos da Gen\u00e9tica Cl\u00e1ssica<\/strong><\/p>\n<p><strong>Inscri\u00e7\u00f5es:<\/strong>\u00a0at\u00e9 20 de Outubro de 2017.<\/p>\n<p><strong>Resultado:<\/strong>\u00a027\u00a0de Outubro\u00a0de 2017.<\/p>\n<p><strong>Per\u00edodo do Curso:<\/strong>\u00a006\/11\/2017 a 24\/11\/2017.<br \/>\nAulas das 18:30 \u00e0s 22:00 e Tira d\u00favidas nos dias: 14\/11\/2017 e 24\/11\/2017.<\/p>\n<p>Ser\u00e3o disponibilizadas 110 vagas.<\/p>\n<p><strong>Inscri\u00e7\u00e3o para a Sele\u00e7\u00e3o<\/strong>\u00a0<a href=\"https:\/\/remendel.ufpr.br\/?page_id=795\">link<\/a><\/p>\n<p>N\u00e3o h\u00e1 nenhuma cobran\u00e7a para a realiza\u00e7\u00e3o do curso. Para acompanhar as atividades, sugerimos que seja realizada c\u00f3pia de material a ser disponibilizado.<\/p>\n<p><strong>Programa\u00e7\u00e3o<\/strong>\u00a0<a title=\"Link Programa\u00e7\u00e3o\" href=\"https:\/\/remendel.ufpr.br\/?page_id=800\">link<\/a><\/p>\n<p><strong>Coordenadora:<br \/>\n<\/strong><a href=\"http:\/\/lattes.cnpq.br\/5495884658406556\">Prof.\u00aa Dr.\u00aa Lygia Vit\u00f3ria Galli Terasawa<\/a><\/p>\n<p><strong>Professores(ras) e Colaboradores(ras)\u00a0<\/strong><a href=\"https:\/\/remendel.ufpr.br\/?page_id=826\">link<\/a><\/p>\n<p><strong>Local do Evento<\/strong>\u00a0<a href=\"https:\/\/remendel.ufpr.br\/?page_id=807\">link<\/a><\/p>\n<p><strong>Email de contato<\/strong>\u00a0<a href=\"mailto:remendel.coordenacao@gmail.com\">remendel.coordenacao@gmail.com<\/a><\/p>\n","protected":false},"excerpt":{"rendered":"<p>Fundamenta\u00e7\u00e3o te\u00f3rica dos principais t\u00f3picos da Gen\u00e9tica Cl\u00e1ssica Inscri\u00e7\u00f5es:\u00a0at\u00e9 20 de Outubro de 2017. Resultado:\u00a027\u00a0de Outubro\u00a0de 2017. Per\u00edodo do Curso:\u00a006\/11\/2017 a 24\/11\/2017. Aulas das 18:30 \u00e0s 22:00 e Tira d\u00favidas nos dias: 14\/11\/2017 e 24\/11\/2017. Ser\u00e3o disponibilizadas 110 vagas. Inscri\u00e7\u00e3o para a Sele\u00e7\u00e3o\u00a0link N\u00e3o h\u00e1 nenhuma cobran\u00e7a para a realiza\u00e7\u00e3o do curso. Para acompanhar as &hellip; <a href=\"https:\/\/remendel.ufpr.br\/?page_id=793\" class=\"more-link\">Continue lendo<span class=\"screen-reader-text\"> &#8220;REMendel 2017\/2&#8221;<\/span><\/a><\/p>\n","protected":false},"author":6,"featured_media":0,"parent":40,"menu_order":0,"comment_status":"closed","ping_status":"closed","template":"","meta":{"footnotes":""},"class_list":["post-793","page","type-page","status-publish","hentry"],"_links":{"self":[{"href":"https:\/\/remendel.ufpr.br\/index.php?rest_route=\/wp\/v2\/pages\/793"}],"collection":[{"href":"https:\/\/remendel.ufpr.br\/index.php?rest_route=\/wp\/v2\/pages"}],"about":[{"href":"https:\/\/remendel.ufpr.br\/index.php?rest_route=\/wp\/v2\/types\/page"}],"author":[{"embeddable":true,"href":"https:\/\/remendel.ufpr.br\/index.php?rest_route=\/wp\/v2\/users\/6"}],"replies":[{"embeddable":true,"href":"https:\/\/remendel.ufpr.br\/index.php?rest_route=%2Fwp%2Fv2%2Fcomments&post=793"}],"version-history":[{"count":6,"href":"https:\/\/remendel.ufpr.br\/index.php?rest_route=\/wp\/v2\/pages\/793\/revisions"}],"predecessor-version":[{"id":810,"href":"https:\/\/remendel.ufpr.br\/index.php?rest_route=\/wp\/v2\/pages\/793\/revisions\/810"}],"up":[{"embeddable":true,"href":"https:\/\/remendel.ufpr.br\/index.php?rest_route=\/wp\/v2\/pages\/40"}],"wp:attachment":[{"href":"https:\/\/remendel.ufpr.br\/index.php?rest_route=%2Fwp%2Fv2%2Fmedia&parent=793"}],"curies":[{"name":"wp","href":"https:\/\/api.w.org\/{rel}","templated":true}]}}